{"id":3258,"date":"2023-02-21T14:08:38","date_gmt":"2023-02-21T14:08:38","guid":{"rendered":"https:\/\/unicohoteldarte.it\/eventi\/"},"modified":"2026-04-08T14:30:39","modified_gmt":"2026-04-08T14:30:39","slug":"eventi","status":"publish","type":"page","link":"https:\/\/unicohoteldarte.it\/en\/eventi\/","title":{"rendered":"Events"},"content":{"rendered":"\t\t<div data-elementor-type=\"wp-page\" data-elementor-id=\"3258\" class=\"elementor elementor-3258 elementor-290\" data-elementor-post-type=\"page\">\n\t\t\t\t\t\t<section class=\"elementor-section elementor-top-section elementor-element elementor-element-a088ef2 elementor-section-full_width elementor-section-height-default elementor-section-height-default\" data-id=\"a088ef2\" data-element_type=\"section\" data-e-type=\"section\">\n\t\t\t\t\t\t<div class=\"elementor-container elementor-column-gap-default\">\n\t\t\t\t\t<div class=\"elementor-column elementor-col-100 elementor-top-column elementor-element elementor-element-cafc32c\" data-id=\"cafc32c\" data-element_type=\"column\" data-e-type=\"column\">\n\t\t\t<div class=\"elementor-widget-wrap elementor-element-populated\">\n\t\t\t\t\t\t<div class=\"elementor-element elementor-element-0f63c6c elementor-widget elementor-widget-dyncontel-acfslider\" data-id=\"0f63c6c\" data-element_type=\"widget\" data-e-type=\"widget\" data-settings=\"{&quot;spaceV&quot;:{&quot;unit&quot;:&quot;px&quot;,&quot;size&quot;:&quot;&quot;,&quot;sizes&quot;:[]},&quot;spaceV_tablet&quot;:{&quot;unit&quot;:&quot;px&quot;,&quot;size&quot;:&quot;&quot;,&quot;sizes&quot;:[]},&quot;spaceV_mobile&quot;:{&quot;unit&quot;:&quot;px&quot;,&quot;size&quot;:&quot;&quot;,&quot;sizes&quot;:[]},&quot;spaceH&quot;:{&quot;unit&quot;:&quot;px&quot;,&quot;size&quot;:&quot;&quot;,&quot;sizes&quot;:[]},&quot;spaceH_tablet&quot;:{&quot;unit&quot;:&quot;px&quot;,&quot;size&quot;:&quot;&quot;,&quot;sizes&quot;:[]},&quot;spaceH_mobile&quot;:{&quot;unit&quot;:&quot;px&quot;,&quot;size&quot;:&quot;&quot;,&quot;sizes&quot;:[]},&quot;effects&quot;:&quot;slide&quot;,&quot;speedSlide&quot;:300,&quot;spaceBetween&quot;:{&quot;unit&quot;:&quot;px&quot;,&quot;size&quot;:&quot;0&quot;,&quot;sizes&quot;:[]},&quot;spaceBetween_tablet&quot;:{&quot;unit&quot;:&quot;px&quot;,&quot;size&quot;:&quot;&quot;,&quot;sizes&quot;:[]},&quot;spaceBetween_mobile&quot;:{&quot;unit&quot;:&quot;px&quot;,&quot;size&quot;:&quot;&quot;,&quot;sizes&quot;:[]},&quot;slidesPerView&quot;:&quot;1&quot;,&quot;slidesColumn&quot;:&quot;1&quot;,&quot;slidesPerGroup&quot;:1}\" data-widget_type=\"dyncontel-acfslider.default\">\n\t\t\t\t<div class=\"elementor-widget-container\">\n\t\t\t\t\t\t\t<div class=\"dynamic_acfslider\">\n\t\t\t<div class=\"dyncontel-swiper dce-slide dce-direction-horizontal\">\n\t\t\t\t<div class=\"swiper\">\n\t\t\t\t\t<div class=\"swiper-wrapper\">\n\t\t\t\t\t\t\t\t\t<div class=\"swiper-slide\">\n\t\t\t\t<figure style=\"background-image: url(https:\/\/unicohoteldarte.it\/wp-content\/uploads\/2023\/03\/Unico-Hotel-Eventi-1.jpg); background-repeat: no-repeat; background-size: cover;\" class=\"acfslider-item grid-item acfslider-bg-image\">\n\t\t\t\t\t\t\t\t\t\t\n\t\t\t\t\t<div class=\"wrap-item-acfslider\" style=\"height: 100%;\">\n\t\t\t\t\t\t\t\t\t\t\t\t\n\t\t\t\t\t\t\t\t\t\t\t\t\n\t\t\t\t\t\t\t\t\t\t\t\t\n\t\t\t\t\t\t\t\t\t\t\t<\/div>\n\t\t\t\t\t\n\t\t\t\t\t\t\t\t\t<\/figure>\n\t\t\t<\/div>\n\t\t\t\t\t\t<div class=\"swiper-slide\">\n\t\t\t\t<figure style=\"background-image: url(https:\/\/unicohoteldarte.it\/wp-content\/uploads\/2023\/03\/Unico-Hotel-Eventi-2.jpg); background-repeat: no-repeat; background-size: cover;\" class=\"acfslider-item grid-item acfslider-bg-image\">\n\t\t\t\t\t\t\t\t\t\t\n\t\t\t\t\t<div class=\"wrap-item-acfslider\" style=\"height: 100%;\">\n\t\t\t\t\t\t\t\t\t\t\t\t\n\t\t\t\t\t\t\t\t\t\t\t\t\n\t\t\t\t\t\t\t\t\t\t\t\t\n\t\t\t\t\t\t\t\t\t\t\t<\/div>\n\t\t\t\t\t\n\t\t\t\t\t\t\t\t\t<\/figure>\n\t\t\t<\/div>\n\t\t\t\t\t\t<div class=\"swiper-slide\">\n\t\t\t\t<figure style=\"background-image: url(https:\/\/unicohoteldarte.it\/wp-content\/uploads\/2023\/03\/Unico-Hotel-Eventi-3.jpg); background-repeat: no-repeat; background-size: cover;\" class=\"acfslider-item grid-item acfslider-bg-image\">\n\t\t\t\t\t\t\t\t\t\t\n\t\t\t\t\t<div class=\"wrap-item-acfslider\" style=\"height: 100%;\">\n\t\t\t\t\t\t\t\t\t\t\t\t\n\t\t\t\t\t\t\t\t\t\t\t\t\n\t\t\t\t\t\t\t\t\t\t\t\t\n\t\t\t\t\t\t\t\t\t\t\t<\/div>\n\t\t\t\t\t\n\t\t\t\t\t\t\t\t\t<\/figure>\n\t\t\t<\/div>\n\t\t\t\t\t\t\t\t<\/div>\n\t\t\t\t\t\t\t\t\t<\/div>\n\t\t\t\t\t\t<div class=\"swiper-button swiper-button-next next-0f63c6c\" role=\"button\" tabindex=\"0\" aria-label=\"Next slide\">\n\t\t\t\t\t\t\t<svg version=\"1.1\" xmlns=\"http:\/\/www.w3.org\/2000\/svg\" xmlns:xlink=\"http:\/\/www.w3.org\/1999\/xlink\" x=\"0px\" y=\"0px\" width=\"85.039px\" height=\"85.039px\" viewBox=\"378.426 255.12 85.039 85.039\" enable-background=\"new 378.426 255.12 85.039 85.039\" xml:space=\"preserve\">\n\t\t\t\t\t<line fill=\"none\" stroke=\"#C81517\" stroke-width=\"1.3845\" stroke-miterlimit=\"10\" x1=\"458.375\" y1=\"298.077\" x2=\"382.456\" y2=\"298.077\"\/>\n\t\t\t\t\t<polyline fill=\"none\" stroke=\"#C81517\" stroke-width=\"1.3845\" stroke-miterlimit=\"10\" points=\"424.543,264.245,458.375,298.077,424.543,331.909 \"\/>\n\t\t\t\t<\/svg>\n\t\t\t\t\t\t<\/div>\n\t\t<div class=\"swiper-button swiper-button-prev prev-0f63c6c\" role=\"button\" tabindex=\"0\" aria-label=\"Previous slide\">\n\t\t\t\t\t\t\t<svg version=\"1.1\" xmlns=\"http:\/\/www.w3.org\/2000\/svg\" xmlns:xlink=\"http:\/\/www.w3.org\/1999\/xlink\" x=\"0px\" y=\"0px\" width=\"85.039px\" height=\"85.039px\" viewBox=\"378.426 255.12 85.039 85.039\" enable-background=\"new 378.426 255.12 85.039 85.039\" xml:space=\"preserve\">\n\t\t\t\t\t<line fill=\"none\" stroke=\"#C81517\" stroke-width=\"1.3845\" stroke-dasharray=\"0,0\" stroke-miterlimit=\"10\" x1=\"382.456\" y1=\"298.077\" x2=\"458.375\" y2=\"298.077\"\/>\n\t\t\t\t\t<polyline fill=\"none\" stroke=\"#C81517\" stroke-width=\"1.3845\" stroke-dasharray=\"0,0\" stroke-miterlimit=\"10\" points=\"416.287,331.909,382.456,298.077,416.287,264.245 \"\/>\n\t\t\t\t<\/svg>\n\t\t\t\t\t\t<\/div>\n\t\t\t\t\t\t\t\t\t<\/div>\n\t\t<\/div>\n\t\t\t\t\t\t<\/div>\n\t\t\t\t<\/div>\n\t\t\t\t\t<\/div>\n\t\t<\/div>\n\t\t\t\t\t<\/div>\n\t\t<\/section>\n\t\t\t\t<section data-dce-background-color=\"#5B5B5E\" class=\"elementor-section elementor-top-section elementor-element elementor-element-c4588dc elementor-section-full_width VisioniRow elementor-section-height-default elementor-section-height-default\" data-id=\"c4588dc\" data-element_type=\"section\" data-e-type=\"section\" data-settings=\"{&quot;background_background&quot;:&quot;classic&quot;,&quot;sticky&quot;:&quot;top&quot;,&quot;sticky_offset&quot;:63,&quot;sticky_on&quot;:[&quot;desktop&quot;,&quot;tablet&quot;,&quot;mobile&quot;],&quot;sticky_effects_offset&quot;:0,&quot;sticky_anchor_link_offset&quot;:0}\">\n\t\t\t\t\t\t<div class=\"elementor-container elementor-column-gap-default\">\n\t\t\t\t\t<div class=\"elementor-column elementor-col-100 elementor-top-column elementor-element elementor-element-6e5bb23\" data-id=\"6e5bb23\" data-element_type=\"column\" data-e-type=\"column\">\n\t\t\t<div class=\"elementor-widget-wrap elementor-element-populated\">\n\t\t\t\t\t\t<div class=\"elementor-element elementor-element-c76af96 VisioniNewBooking elementor-widget elementor-widget-html\" data-id=\"c76af96\" data-element_type=\"widget\" data-e-type=\"widget\" data-widget_type=\"html.default\">\n\t\t\t\t<div class=\"elementor-widget-container\">\n\t\t\t\t\t<div id=\"my_bbar\"><\/div> \r\n<script src=\"https:\/\/secure.visioni.info\/unicohoteldarte.it\/book\/bmg_w\/js\/jquery.min.js\"><\/script> \r\n<script src=\"https:\/\/secure.visioni.info\/unicohoteldarte.it\/book\/bmg_w\/js\/bmg_w.js\"><\/script>\r\n<script>\r\njQuery.noConflict();\r\njQuery(document).ready(function($) {\r\n    var bmg_url = 'https:\/\/secure.visioni.info\/unicohoteldarte.it\/book';\r\n    var params = {\r\n        b_tpl: 'bmg_book_v1'\r\n    };\r\n    \/\/ Assicurati che la funzione bmg_book sia definita\r\n    if (typeof bmg_book !== 'undefined') {\r\n        bmg_book($, bmg_url, '#my_bbar', params, 'en');\r\n    } else {\r\n        console.error('Funzione bmg_book non definita');\r\n    }\r\n});\r\n<\/script>\r\n\t\t\t\t<\/div>\n\t\t\t\t<\/div>\n\t\t\t\t\t<\/div>\n\t\t<\/div>\n\t\t\t\t\t<\/div>\n\t\t<\/section>\n\t\t\t\t<section class=\"elementor-section elementor-top-section elementor-element elementor-element-640b7a2 elementor-section-boxed elementor-section-height-default elementor-section-height-default\" data-id=\"640b7a2\" data-element_type=\"section\" data-e-type=\"section\">\n\t\t\t\t\t\t<div class=\"elementor-container elementor-column-gap-default\">\n\t\t\t\t\t<div class=\"elementor-column elementor-col-50 elementor-top-column elementor-element elementor-element-4a12f9c\" data-id=\"4a12f9c\" data-element_type=\"column\" data-e-type=\"column\">\n\t\t\t<div class=\"elementor-widget-wrap elementor-element-populated\">\n\t\t\t\t\t\t<div data-dce-title-color=\"#000000\" class=\"elementor-element elementor-element-598af2e elementor-widget elementor-widget-heading\" data-id=\"598af2e\" data-element_type=\"widget\" data-e-type=\"widget\" data-widget_type=\"heading.default\">\n\t\t\t\t<div class=\"elementor-widget-container\">\n\t\t\t\t\t<h1 class=\"elementor-heading-title elementor-size-default\">Discover Events of Un\u00ecco<br>\nArt and flavours in a sea view location<\/h1>\t\t\t\t<\/div>\n\t\t\t\t<\/div>\n\t\t\t\t<div data-dce-text-color=\"#000000\" class=\"elementor-element elementor-element-927e2f0 elementor-widget elementor-widget-text-editor\" data-id=\"927e2f0\" data-element_type=\"widget\" data-e-type=\"widget\" data-widget_type=\"text-editor.default\">\n\t\t\t\t<div class=\"elementor-widget-container\">\n\t\t\t\t\t\t\t\t\t<p>The sea view areas of Un\u00ecco host a series of events dedicated to art, food and wine. Vernissage, meetings, drinks, tastings and dinners set in an unique location, immersed in the vegetation and sea of Mondello.<\/p>\n\t\t\t\t\t\t\t\t<\/div>\n\t\t\t\t<\/div>\n\t\t\t\t\t<\/div>\n\t\t<\/div>\n\t\t\t\t<div class=\"elementor-column elementor-col-50 elementor-top-column elementor-element elementor-element-9430fab\" data-id=\"9430fab\" data-element_type=\"column\" data-e-type=\"column\">\n\t\t\t<div class=\"elementor-widget-wrap\">\n\t\t\t\t\t\t\t<\/div>\n\t\t<\/div>\n\t\t\t\t\t<\/div>\n\t\t<\/section>\n\t\t\t\t<section class=\"elementor-section elementor-top-section elementor-element elementor-element-c4afce4 elementor-section-boxed elementor-section-height-default elementor-section-height-default\" data-id=\"c4afce4\" data-element_type=\"section\" data-e-type=\"section\">\n\t\t\t\t\t\t<div class=\"elementor-container elementor-column-gap-default\">\n\t\t\t\t\t<div class=\"elementor-column elementor-col-100 elementor-top-column elementor-element elementor-element-12cd8fe\" data-id=\"12cd8fe\" data-element_type=\"column\" data-e-type=\"column\">\n\t\t\t<div class=\"elementor-widget-wrap elementor-element-populated\">\n\t\t\t\t\t\t<div data-dce-title-color=\"#000000\" class=\"elementor-element elementor-element-805390a elementor-widget elementor-widget-heading\" data-id=\"805390a\" data-element_type=\"widget\" data-e-type=\"widget\" data-widget_type=\"heading.default\">\n\t\t\t\t<div class=\"elementor-widget-container\">\n\t\t\t\t\t<h2 class=\"elementor-heading-title elementor-size-xl\">Terrace Aperitif                                                      <\/h2>\t\t\t\t<\/div>\n\t\t\t\t<\/div>\n\t\t\t\t<div class=\"elementor-element elementor-element-9c4369a elementor-widget elementor-widget-spacer\" data-id=\"9c4369a\" data-element_type=\"widget\" data-e-type=\"widget\" data-widget_type=\"spacer.default\">\n\t\t\t\t<div class=\"elementor-widget-container\">\n\t\t\t\t\t\t\t<div class=\"elementor-spacer\">\n\t\t\t<div class=\"elementor-spacer-inner\"><\/div>\n\t\t<\/div>\n\t\t\t\t\t\t<\/div>\n\t\t\t\t<\/div>\n\t\t\t\t<div class=\"elementor-element elementor-element-4995db6 elementor-widget__width-inherit elementor-arrows-position-inside elementor-widget elementor-widget-image-carousel\" data-id=\"4995db6\" data-element_type=\"widget\" data-e-type=\"widget\" data-settings=\"{&quot;slides_to_show&quot;:&quot;3&quot;,&quot;slides_to_show_tablet&quot;:&quot;2&quot;,&quot;slides_to_show_mobile&quot;:&quot;1&quot;,&quot;navigation&quot;:&quot;arrows&quot;,&quot;slides_to_scroll&quot;:&quot;3&quot;,&quot;autoplay&quot;:&quot;yes&quot;,&quot;pause_on_hover&quot;:&quot;yes&quot;,&quot;pause_on_interaction&quot;:&quot;yes&quot;,&quot;autoplay_speed&quot;:5000,&quot;infinite&quot;:&quot;yes&quot;,&quot;speed&quot;:500,&quot;image_spacing_custom&quot;:{&quot;unit&quot;:&quot;px&quot;,&quot;size&quot;:20,&quot;sizes&quot;:[]},&quot;image_spacing_custom_tablet&quot;:{&quot;unit&quot;:&quot;px&quot;,&quot;size&quot;:&quot;&quot;,&quot;sizes&quot;:[]}}\" data-widget_type=\"image-carousel.default\">\n\t\t\t\t<div class=\"elementor-widget-container\">\n\t\t\t\t\t\t\t<div class=\"elementor-image-carousel-wrapper swiper\" role=\"region\" aria-roledescription=\"carousel\" aria-label=\"Carosello d&#039;immagini\" dir=\"ltr\">\n\t\t\t<div class=\"elementor-image-carousel swiper-wrapper\" aria-live=\"off\">\n\t\t\t\t\t\t\t\t<div class=\"swiper-slide\" role=\"group\" aria-roledescription=\"slide\" aria-label=\"1 of 7\"><figure class=\"swiper-slide-inner\"><img decoding=\"async\" class=\"swiper-slide-image\" src=\"https:\/\/unicohoteldarte.it\/wp-content\/uploads\/2023\/05\/257-Unico-Hotel-768x511.jpg\" alt=\"257-Unico-Hotel\" \/><\/figure><\/div><div class=\"swiper-slide\" role=\"group\" aria-roledescription=\"slide\" aria-label=\"2 of 7\"><figure class=\"swiper-slide-inner\"><img decoding=\"async\" class=\"swiper-slide-image\" src=\"https:\/\/unicohoteldarte.it\/wp-content\/uploads\/2023\/05\/250-Unico-Hotel-768x511.jpg\" alt=\"250 - Unico Hotel\" \/><\/figure><\/div><div class=\"swiper-slide\" role=\"group\" aria-roledescription=\"slide\" aria-label=\"3 of 7\"><figure class=\"swiper-slide-inner\"><img decoding=\"async\" class=\"swiper-slide-image\" src=\"https:\/\/unicohoteldarte.it\/wp-content\/uploads\/2023\/05\/296-Unico-Hotel-768x511.jpg\" alt=\"296 - Unico Hotel\" \/><\/figure><\/div><div class=\"swiper-slide\" role=\"group\" aria-roledescription=\"slide\" aria-label=\"4 of 7\"><figure class=\"swiper-slide-inner\"><img decoding=\"async\" class=\"swiper-slide-image\" src=\"https:\/\/unicohoteldarte.it\/wp-content\/uploads\/2023\/05\/229-Unico-Hotel-768x511.jpg\" alt=\"229 - Unico Hotel\" \/><\/figure><\/div><div class=\"swiper-slide\" role=\"group\" aria-roledescription=\"slide\" aria-label=\"5 of 7\"><figure class=\"swiper-slide-inner\"><img decoding=\"async\" class=\"swiper-slide-image\" src=\"https:\/\/unicohoteldarte.it\/wp-content\/uploads\/2023\/05\/246-Unico-Hotel-768x511.jpg\" alt=\"246 - Unico Hotel\" \/><\/figure><\/div><div class=\"swiper-slide\" role=\"group\" aria-roledescription=\"slide\" aria-label=\"6 of 7\"><figure class=\"swiper-slide-inner\"><img decoding=\"async\" class=\"swiper-slide-image\" src=\"https:\/\/unicohoteldarte.it\/wp-content\/uploads\/2023\/05\/230-Unico-Hotel-768x511.jpg\" alt=\"230 - Unico Hotel\" \/><\/figure><\/div><div class=\"swiper-slide\" role=\"group\" aria-roledescription=\"slide\" aria-label=\"7 of 7\"><figure class=\"swiper-slide-inner\"><img decoding=\"async\" class=\"swiper-slide-image\" src=\"https:\/\/unicohoteldarte.it\/wp-content\/uploads\/2023\/05\/285-Unico-Hotel-768x511.jpg\" alt=\"285 - Unico Hotel\" \/><\/figure><\/div>\t\t\t<\/div>\n\t\t\t\t\t\t\t\t\t\t\t\t<div class=\"elementor-swiper-button elementor-swiper-button-prev\" role=\"button\" tabindex=\"0\">\n\t\t\t\t\t\t<i aria-hidden=\"true\" class=\"eicon-chevron-left\"><\/i>\t\t\t\t\t<\/div>\n\t\t\t\t\t<div class=\"elementor-swiper-button elementor-swiper-button-next\" role=\"button\" tabindex=\"0\">\n\t\t\t\t\t\t<i aria-hidden=\"true\" class=\"eicon-chevron-right\"><\/i>\t\t\t\t\t<\/div>\n\t\t\t\t\n\t\t\t\t\t\t\t\t\t<\/div>\n\t\t\t\t\t\t<\/div>\n\t\t\t\t<\/div>\n\t\t\t\t<div data-dce-text-color=\"#000000\" class=\"elementor-element elementor-element-c0ef7fe elementor-widget elementor-widget-text-editor\" data-id=\"c0ef7fe\" data-element_type=\"widget\" data-e-type=\"widget\" data-widget_type=\"text-editor.default\">\n\t\t\t\t<div class=\"elementor-widget-container\">\n\t\t\t\t\t\t\t\t\tBook your aperitif at our sea-view solarium, available every day from 5:30 PM to 11:00 PM.\t\t\t\t\t\t\t\t<\/div>\n\t\t\t\t<\/div>\n\t\t\t\t<div class=\"elementor-element elementor-element-ad304a8 LinkPrenota elementor-widget elementor-widget-text-editor\" data-id=\"ad304a8\" data-element_type=\"widget\" data-e-type=\"widget\" data-widget_type=\"text-editor.default\">\n\t\t\t\t<div class=\"elementor-widget-container\">\n\t\t\t\t\t\t\t\t\t<a href=\"\/en\/prenota-ora\/\">BOOK NOW<\/a>\t\t\t\t\t\t\t\t<\/div>\n\t\t\t\t<\/div>\n\t\t\t\t<div class=\"elementor-element elementor-element-b33f816 elementor-widget elementor-widget-spacer\" data-id=\"b33f816\" data-element_type=\"widget\" data-e-type=\"widget\" data-widget_type=\"spacer.default\">\n\t\t\t\t<div class=\"elementor-widget-container\">\n\t\t\t\t\t\t\t<div class=\"elementor-spacer\">\n\t\t\t<div class=\"elementor-spacer-inner\"><\/div>\n\t\t<\/div>\n\t\t\t\t\t\t<\/div>\n\t\t\t\t<\/div>\n\t\t\t\t\t<\/div>\n\t\t<\/div>\n\t\t\t\t\t<\/div>\n\t\t<\/section>\n\t\t<!-- dce invisible element a6a4128 --><!-- dce invisible element ba7cdf9 --><!-- dce invisible element 2147ded --><!-- dce invisible element a713114 -->\t\t<\/div>\n\t\t","protected":false},"excerpt":{"rendered":"<p>Discover Events of Un\u00ecco Art and flavours in a sea view location The sea view areas of Un\u00ecco host a series of events dedicated to art, food and wine. Vernissage, meetings, drinks, tastings and dinners set in an unique location, immersed in the vegetation and sea of Mondello. Terrace Aperitif Book your aperitif at our [&hellip;]<\/p>\n","protected":false},"author":1,"featured_media":5680,"parent":0,"menu_order":0,"comment_status":"closed","ping_status":"closed","template":"","meta":{"_acf_changed":false,"footnotes":""},"class_list":["post-3258","page","type-page","status-publish","has-post-thumbnail","hentry"],"acf":[],"yoast_head":"<!-- This site is optimized with the Yoast SEO plugin v25.1 - https:\/\/yoast.com\/wordpress\/plugins\/seo\/ -->\n<title>Events - Un\u00ecco<\/title>\n<meta name=\"robots\" content=\"index, follow, max-snippet:-1, max-image-preview:large, max-video-preview:-1\" \/>\n<link rel=\"canonical\" href=\"https:\/\/unicohoteldarte.it\/en\/eventi\/\" \/>\n<meta property=\"og:locale\" content=\"en_US\" \/>\n<meta property=\"og:type\" content=\"article\" \/>\n<meta property=\"og:title\" content=\"Events - Un\u00ecco\" \/>\n<meta property=\"og:description\" content=\"Discover Events of Un\u00ecco Art and flavours in a sea view location The sea view areas of Un\u00ecco host a series of events dedicated to art, food and wine. Vernissage, meetings, drinks, tastings and dinners set in an unique location, immersed in the vegetation and sea of Mondello. Terrace Aperitif Book your aperitif at our [&hellip;]\" \/>\n<meta property=\"og:url\" content=\"https:\/\/unicohoteldarte.it\/en\/eventi\/\" \/>\n<meta property=\"og:site_name\" content=\"Un\u00ecco\" \/>\n<meta property=\"article:publisher\" content=\"https:\/\/www.facebook.com\/unicoboutiquehoteldarte\" \/>\n<meta property=\"article:modified_time\" content=\"2026-04-08T14:30:39+00:00\" \/>\n<meta property=\"og:image\" content=\"https:\/\/unicohoteldarte.it\/wp-content\/uploads\/2025\/09\/IMG-20250905-WA0002.jpg\" \/>\n\t<meta property=\"og:image:width\" content=\"900\" \/>\n\t<meta property=\"og:image:height\" content=\"1600\" \/>\n\t<meta property=\"og:image:type\" content=\"image\/jpeg\" \/>\n<meta name=\"twitter:card\" content=\"summary_large_image\" \/>\n<meta name=\"twitter:label1\" content=\"Est. reading time\" \/>\n\t<meta name=\"twitter:data1\" content=\"3 minutes\" \/>\n<script type=\"application\/ld+json\" class=\"yoast-schema-graph\">{\"@context\":\"https:\/\/schema.org\",\"@graph\":[{\"@type\":\"WebPage\",\"@id\":\"https:\/\/unicohoteldarte.it\/en\/eventi\/\",\"url\":\"https:\/\/unicohoteldarte.it\/en\/eventi\/\",\"name\":\"Events - Un\u00ecco\",\"isPartOf\":{\"@id\":\"https:\/\/unicohoteldarte.it\/#website\"},\"primaryImageOfPage\":{\"@id\":\"https:\/\/unicohoteldarte.it\/en\/eventi\/#primaryimage\"},\"image\":{\"@id\":\"https:\/\/unicohoteldarte.it\/en\/eventi\/#primaryimage\"},\"thumbnailUrl\":\"https:\/\/unicohoteldarte.it\/wp-content\/uploads\/2025\/09\/IMG-20250905-WA0002.jpg\",\"datePublished\":\"2023-02-21T14:08:38+00:00\",\"dateModified\":\"2026-04-08T14:30:39+00:00\",\"breadcrumb\":{\"@id\":\"https:\/\/unicohoteldarte.it\/en\/eventi\/#breadcrumb\"},\"inLanguage\":\"en-US\",\"potentialAction\":[{\"@type\":\"ReadAction\",\"target\":[\"https:\/\/unicohoteldarte.it\/en\/eventi\/\"]}]},{\"@type\":\"ImageObject\",\"inLanguage\":\"en-US\",\"@id\":\"https:\/\/unicohoteldarte.it\/en\/eventi\/#primaryimage\",\"url\":\"https:\/\/unicohoteldarte.it\/wp-content\/uploads\/2025\/09\/IMG-20250905-WA0002.jpg\",\"contentUrl\":\"https:\/\/unicohoteldarte.it\/wp-content\/uploads\/2025\/09\/IMG-20250905-WA0002.jpg\",\"width\":900,\"height\":1600},{\"@type\":\"BreadcrumbList\",\"@id\":\"https:\/\/unicohoteldarte.it\/en\/eventi\/#breadcrumb\",\"itemListElement\":[{\"@type\":\"ListItem\",\"position\":1,\"name\":\"Home\",\"item\":\"https:\/\/unicohoteldarte.it\/\"},{\"@type\":\"ListItem\",\"position\":2,\"name\":\"Events\"}]},{\"@type\":\"WebSite\",\"@id\":\"https:\/\/unicohoteldarte.it\/#website\",\"url\":\"https:\/\/unicohoteldarte.it\/\",\"name\":\"Un\u00ecco\",\"description\":\"Boutique Hotel d&#039;arte a Mondello\",\"publisher\":{\"@id\":\"https:\/\/unicohoteldarte.it\/#organization\"},\"potentialAction\":[{\"@type\":\"SearchAction\",\"target\":{\"@type\":\"EntryPoint\",\"urlTemplate\":\"https:\/\/unicohoteldarte.it\/?s={search_term_string}\"},\"query-input\":{\"@type\":\"PropertyValueSpecification\",\"valueRequired\":true,\"valueName\":\"search_term_string\"}}],\"inLanguage\":\"en-US\"},{\"@type\":\"Organization\",\"@id\":\"https:\/\/unicohoteldarte.it\/#organization\",\"name\":\"Un\u00ecco\",\"url\":\"https:\/\/unicohoteldarte.it\/\",\"logo\":{\"@type\":\"ImageObject\",\"inLanguage\":\"en-US\",\"@id\":\"https:\/\/unicohoteldarte.it\/#\/schema\/logo\/image\/\",\"url\":\"https:\/\/unicohoteldarte.it\/wp-content\/uploads\/2023\/02\/logo-unico-sito.svg\",\"contentUrl\":\"https:\/\/unicohoteldarte.it\/wp-content\/uploads\/2023\/02\/logo-unico-sito.svg\",\"width\":200,\"height\":95,\"caption\":\"Un\u00ecco\"},\"image\":{\"@id\":\"https:\/\/unicohoteldarte.it\/#\/schema\/logo\/image\/\"},\"sameAs\":[\"https:\/\/www.facebook.com\/unicoboutiquehoteldarte\",\"https:\/\/www.instagram.com\/unicoboutiquehoteldarte\/\"]}]}<\/script>\n<!-- \/ Yoast SEO plugin. -->","yoast_head_json":{"title":"Events - Un\u00ecco","robots":{"index":"index","follow":"follow","max-snippet":"max-snippet:-1","max-image-preview":"max-image-preview:large","max-video-preview":"max-video-preview:-1"},"canonical":"https:\/\/unicohoteldarte.it\/en\/eventi\/","og_locale":"en_US","og_type":"article","og_title":"Events - Un\u00ecco","og_description":"Discover Events of Un\u00ecco Art and flavours in a sea view location The sea view areas of Un\u00ecco host a series of events dedicated to art, food and wine. Vernissage, meetings, drinks, tastings and dinners set in an unique location, immersed in the vegetation and sea of Mondello. Terrace Aperitif Book your aperitif at our [&hellip;]","og_url":"https:\/\/unicohoteldarte.it\/en\/eventi\/","og_site_name":"Un\u00ecco","article_publisher":"https:\/\/www.facebook.com\/unicoboutiquehoteldarte","article_modified_time":"2026-04-08T14:30:39+00:00","og_image":[{"width":900,"height":1600,"url":"https:\/\/unicohoteldarte.it\/wp-content\/uploads\/2025\/09\/IMG-20250905-WA0002.jpg","type":"image\/jpeg"}],"twitter_card":"summary_large_image","twitter_misc":{"Est. reading time":"3 minutes"},"schema":{"@context":"https:\/\/schema.org","@graph":[{"@type":"WebPage","@id":"https:\/\/unicohoteldarte.it\/en\/eventi\/","url":"https:\/\/unicohoteldarte.it\/en\/eventi\/","name":"Events - Un\u00ecco","isPartOf":{"@id":"https:\/\/unicohoteldarte.it\/#website"},"primaryImageOfPage":{"@id":"https:\/\/unicohoteldarte.it\/en\/eventi\/#primaryimage"},"image":{"@id":"https:\/\/unicohoteldarte.it\/en\/eventi\/#primaryimage"},"thumbnailUrl":"https:\/\/unicohoteldarte.it\/wp-content\/uploads\/2025\/09\/IMG-20250905-WA0002.jpg","datePublished":"2023-02-21T14:08:38+00:00","dateModified":"2026-04-08T14:30:39+00:00","breadcrumb":{"@id":"https:\/\/unicohoteldarte.it\/en\/eventi\/#breadcrumb"},"inLanguage":"en-US","potentialAction":[{"@type":"ReadAction","target":["https:\/\/unicohoteldarte.it\/en\/eventi\/"]}]},{"@type":"ImageObject","inLanguage":"en-US","@id":"https:\/\/unicohoteldarte.it\/en\/eventi\/#primaryimage","url":"https:\/\/unicohoteldarte.it\/wp-content\/uploads\/2025\/09\/IMG-20250905-WA0002.jpg","contentUrl":"https:\/\/unicohoteldarte.it\/wp-content\/uploads\/2025\/09\/IMG-20250905-WA0002.jpg","width":900,"height":1600},{"@type":"BreadcrumbList","@id":"https:\/\/unicohoteldarte.it\/en\/eventi\/#breadcrumb","itemListElement":[{"@type":"ListItem","position":1,"name":"Home","item":"https:\/\/unicohoteldarte.it\/"},{"@type":"ListItem","position":2,"name":"Events"}]},{"@type":"WebSite","@id":"https:\/\/unicohoteldarte.it\/#website","url":"https:\/\/unicohoteldarte.it\/","name":"Un\u00ecco","description":"Boutique Hotel d&#039;arte a Mondello","publisher":{"@id":"https:\/\/unicohoteldarte.it\/#organization"},"potentialAction":[{"@type":"SearchAction","target":{"@type":"EntryPoint","urlTemplate":"https:\/\/unicohoteldarte.it\/?s={search_term_string}"},"query-input":{"@type":"PropertyValueSpecification","valueRequired":true,"valueName":"search_term_string"}}],"inLanguage":"en-US"},{"@type":"Organization","@id":"https:\/\/unicohoteldarte.it\/#organization","name":"Un\u00ecco","url":"https:\/\/unicohoteldarte.it\/","logo":{"@type":"ImageObject","inLanguage":"en-US","@id":"https:\/\/unicohoteldarte.it\/#\/schema\/logo\/image\/","url":"https:\/\/unicohoteldarte.it\/wp-content\/uploads\/2023\/02\/logo-unico-sito.svg","contentUrl":"https:\/\/unicohoteldarte.it\/wp-content\/uploads\/2023\/02\/logo-unico-sito.svg","width":200,"height":95,"caption":"Un\u00ecco"},"image":{"@id":"https:\/\/unicohoteldarte.it\/#\/schema\/logo\/image\/"},"sameAs":["https:\/\/www.facebook.com\/unicoboutiquehoteldarte","https:\/\/www.instagram.com\/unicoboutiquehoteldarte\/"]}]}},"_links":{"self":[{"href":"https:\/\/unicohoteldarte.it\/en\/wp-json\/wp\/v2\/pages\/3258","targetHints":{"allow":["GET"]}}],"collection":[{"href":"https:\/\/unicohoteldarte.it\/en\/wp-json\/wp\/v2\/pages"}],"about":[{"href":"https:\/\/unicohoteldarte.it\/en\/wp-json\/wp\/v2\/types\/page"}],"author":[{"embeddable":true,"href":"https:\/\/unicohoteldarte.it\/en\/wp-json\/wp\/v2\/users\/1"}],"replies":[{"embeddable":true,"href":"https:\/\/unicohoteldarte.it\/en\/wp-json\/wp\/v2\/comments?post=3258"}],"version-history":[{"count":12,"href":"https:\/\/unicohoteldarte.it\/en\/wp-json\/wp\/v2\/pages\/3258\/revisions"}],"predecessor-version":[{"id":6034,"href":"https:\/\/unicohoteldarte.it\/en\/wp-json\/wp\/v2\/pages\/3258\/revisions\/6034"}],"wp:featuredmedia":[{"embeddable":true,"href":"https:\/\/unicohoteldarte.it\/en\/wp-json\/wp\/v2\/media\/5680"}],"wp:attachment":[{"href":"https:\/\/unicohoteldarte.it\/en\/wp-json\/wp\/v2\/media?parent=3258"}],"curies":[{"name":"wp","href":"https:\/\/api.w.org\/{rel}","templated":true}]}}